{"id":284,"date":"2024-07-10T08:09:42","date_gmt":"2024-07-10T08:09:42","guid":{"rendered":"https:\/\/senhorafrutta.com.br\/?page_id=284"},"modified":"2025-02-19T18:58:48","modified_gmt":"2025-02-19T18:58:48","slug":"catalogo","status":"publish","type":"page","link":"https:\/\/senhorafrutta.com.br\/index.php\/catalogo\/","title":{"rendered":"Catalogo"},"content":{"rendered":"\t\t<div data-elementor-type=\"wp-page\" data-elementor-id=\"284\" class=\"elementor elementor-284\" data-elementor-post-type=\"page\">\n\t\t\t\t<div class=\"elementor-element elementor-element-27ba7fa e-flex e-con-boxed wpr-particle-no wpr-jarallax-no wpr-parallax-no wpr-sticky-section-no wpr-equal-height-no e-con e-parent\" data-id=\"27ba7fa\" data-element_type=\"container\" data-e-type=\"container\" data-settings=\"{&quot;background_background&quot;:&quot;classic&quot;}\">\n\t\t\t\t\t<div class=\"e-con-inner\">\n\t\t\t\t<div class=\"elementor-element elementor-element-bc5e76b elementor-widget__width-initial elementor-invisible elementor-widget elementor-widget-heading\" data-id=\"bc5e76b\" data-element_type=\"widget\" data-e-type=\"widget\" data-settings=\"{&quot;_animation&quot;:&quot;fadeInLeft&quot;}\" data-widget_type=\"heading.default\">\n\t\t\t\t<div class=\"elementor-widget-container\">\n\t\t\t\t\t<h3 class=\"elementor-heading-title elementor-size-default\">2025<\/h3>\t\t\t\t<\/div>\n\t\t\t\t<\/div>\n\t\t\t\t<div class=\"elementor-element elementor-element-4504cf0 elementor-widget__width-inherit elementor-widget elementor-widget-shortcode\" data-id=\"4504cf0\" data-element_type=\"widget\" data-e-type=\"widget\" data-widget_type=\"shortcode.default\">\n\t\t\t\t<div class=\"elementor-widget-container\">\n\t\t\t\t\t\t\t<div class=\"elementor-shortcode\"><div class=\"_df_book df-lite\" id=\"df_9042\"  _slug=\"9042\" data-title=\"2025\" wpoptions=\"true\" thumbtype=\"\" ><\/div><script class=\"df-shortcode-script\" nowprocket type=\"application\/javascript\">window.option_df_9042 = {\"outline\":[],\"autoEnableOutline\":\"false\",\"autoEnableThumbnail\":\"false\",\"overwritePDFOutline\":\"false\",\"direction\":\"1\",\"pageSize\":\"0\",\"source\":\"https:\\\/\\\/senhorafrutta.com.br\\\/wp-content\\\/uploads\\\/2025\\\/02\\\/Catalogo-2025.pdf\",\"wpOptions\":\"true\"}; if(window.DFLIP && window.DFLIP.parseBooks){window.DFLIP.parseBooks();}<\/script><\/div>\n\t\t\t\t\t\t<\/div>\n\t\t\t\t<\/div>\n\t\t\t\t\t<\/div>\n\t\t\t\t<\/div>\n\t\t<div class=\"elementor-element elementor-element-7e5666e e-grid e-con-boxed wpr-particle-no wpr-jarallax-no wpr-parallax-no wpr-sticky-section-no wpr-equal-height-no e-con e-parent\" data-id=\"7e5666e\" data-element_type=\"container\" data-e-type=\"container\" data-settings=\"{&quot;background_background&quot;:&quot;classic&quot;}\">\n\t\t\t\t\t<div class=\"e-con-inner\">\n\t\t\t\t<div class=\"elementor-element elementor-element-7ad1a9a elementor-widget elementor-widget-shortcode\" data-id=\"7ad1a9a\" data-element_type=\"widget\" data-e-type=\"widget\" data-widget_type=\"shortcode.default\">\n\t\t\t\t<div class=\"elementor-widget-container\">\n\t\t\t\t\t\t\t<div class=\"elementor-shortcode\"><div class=\"_df_book df-lite\" id=\"df_290\"  _slug=\"290\" data-title=\"2024\" wpoptions=\"true\" thumbtype=\"\" ><\/div><script class=\"df-shortcode-script\" nowprocket type=\"application\/javascript\">window.option_df_290 = {\"outline\":[],\"backgroundColor\":\"#123605\",\"autoEnableOutline\":\"false\",\"autoEnableThumbnail\":\"false\",\"overwritePDFOutline\":\"false\",\"direction\":\"1\",\"pageSize\":\"0\",\"source\":\"https:\\\/\\\/senhorafrutta.com.br\\\/wp-content\\\/uploads\\\/2024\\\/07\\\/Catalogo-2024.pdf\",\"wpOptions\":\"true\"}; if(window.DFLIP && window.DFLIP.parseBooks){window.DFLIP.parseBooks();}<\/script>\t<\/div>\n\t\t\t\t\t\t<\/div>\n\t\t\t\t<\/div>\n\t\t\t\t\t<\/div>\n\t\t\t\t<\/div>\n\t\t<div class=\"elementor-element elementor-element-b722bbc e-flex e-con-boxed wpr-particle-no wpr-jarallax-no wpr-parallax-no wpr-sticky-section-no wpr-equal-height-no e-con e-parent\" data-id=\"b722bbc\" data-element_type=\"container\" data-e-type=\"container\" data-settings=\"{&quot;background_background&quot;:&quot;classic&quot;}\">\n\t\t\t\t\t<div class=\"e-con-inner\">\n\t\t\t\t<div class=\"elementor-element elementor-element-26ca98a elementor-widget__width-initial elementor-hidden-mobile elementor-widget elementor-widget-image\" data-id=\"26ca98a\" data-element_type=\"widget\" data-e-type=\"widget\" data-widget_type=\"image.default\">\n\t\t\t\t<div class=\"elementor-widget-container\">\n\t\t\t\t\t\t\t\t\t\t\t\t\t\t\t<img fetchpriority=\"high\" decoding=\"async\" width=\"3543\" height=\"5906\" src=\"https:\/\/senhorafrutta.com.br\/wp-content\/uploads\/2024\/07\/03-Senhora_Frutta_apontando.png\" class=\"attachment-full size-full wp-image-215\" alt=\"\" srcset=\"https:\/\/senhorafrutta.com.br\/wp-content\/uploads\/2024\/07\/03-Senhora_Frutta_apontando.png 3543w, https:\/\/senhorafrutta.com.br\/wp-content\/uploads\/2024\/07\/03-Senhora_Frutta_apontando-180x300.png 180w, https:\/\/senhorafrutta.com.br\/wp-content\/uploads\/2024\/07\/03-Senhora_Frutta_apontando-614x1024.png 614w, https:\/\/senhorafrutta.com.br\/wp-content\/uploads\/2024\/07\/03-Senhora_Frutta_apontando-768x1280.png 768w, https:\/\/senhorafrutta.com.br\/wp-content\/uploads\/2024\/07\/03-Senhora_Frutta_apontando-921x1536.png 921w, https:\/\/senhorafrutta.com.br\/wp-content\/uploads\/2024\/07\/03-Senhora_Frutta_apontando-1229x2048.png 1229w\" sizes=\"(max-width: 3543px) 100vw, 3543px\" \/>\t\t\t\t\t\t\t\t\t\t\t\t\t\t\t<\/div>\n\t\t\t\t<\/div>\n\t\t\t\t<div class=\"elementor-element elementor-element-a2d1386 elementor-widget__width-initial elementor-hidden-desktop elementor-hidden-tablet elementor-widget elementor-widget-image\" data-id=\"a2d1386\" data-element_type=\"widget\" data-e-type=\"widget\" data-widget_type=\"image.default\">\n\t\t\t\t<div class=\"elementor-widget-container\">\n\t\t\t\t\t\t\t\t\t\t\t\t\t\t\t<img decoding=\"async\" width=\"3543\" height=\"5906\" src=\"https:\/\/senhorafrutta.com.br\/wp-content\/uploads\/2024\/07\/04-Senhora_Frutta_apontando.png\" class=\"attachment-full size-full wp-image-214\" alt=\"\" srcset=\"https:\/\/senhorafrutta.com.br\/wp-content\/uploads\/2024\/07\/04-Senhora_Frutta_apontando.png 3543w, https:\/\/senhorafrutta.com.br\/wp-content\/uploads\/2024\/07\/04-Senhora_Frutta_apontando-180x300.png 180w, https:\/\/senhorafrutta.com.br\/wp-content\/uploads\/2024\/07\/04-Senhora_Frutta_apontando-614x1024.png 614w, https:\/\/senhorafrutta.com.br\/wp-content\/uploads\/2024\/07\/04-Senhora_Frutta_apontando-768x1280.png 768w, https:\/\/senhorafrutta.com.br\/wp-content\/uploads\/2024\/07\/04-Senhora_Frutta_apontando-921x1536.png 921w, https:\/\/senhorafrutta.com.br\/wp-content\/uploads\/2024\/07\/04-Senhora_Frutta_apontando-1229x2048.png 1229w\" sizes=\"(max-width: 3543px) 100vw, 3543px\" \/>\t\t\t\t\t\t\t\t\t\t\t\t\t\t\t<\/div>\n\t\t\t\t<\/div>\n\t\t<div class=\"elementor-element elementor-element-c176a28 e-con-full e-flex wpr-particle-no wpr-jarallax-no wpr-parallax-no wpr-sticky-section-no wpr-equal-height-no elementor-invisible e-con e-child\" data-id=\"c176a28\" data-element_type=\"container\" data-e-type=\"container\" data-settings=\"{&quot;animation&quot;:&quot;fadeInLeft&quot;}\">\n\t\t\t\t<div class=\"elementor-element elementor-element-e64eef0 elementor-widget__width-initial elementor-invisible elementor-widget elementor-widget-heading\" data-id=\"e64eef0\" data-element_type=\"widget\" data-e-type=\"widget\" data-settings=\"{&quot;_animation&quot;:&quot;fadeInLeft&quot;}\" data-widget_type=\"heading.default\">\n\t\t\t\t<div class=\"elementor-widget-container\">\n\t\t\t\t\t<h2 class=\"elementor-heading-title elementor-size-default\">Desfrute Senhora Frutta! <\/h2>\t\t\t\t<\/div>\n\t\t\t\t<\/div>\n\t\t\t\t<div class=\"elementor-element elementor-element-666a8e8 elementor-widget__width-initial elementor-widget elementor-widget-text-editor\" data-id=\"666a8e8\" data-element_type=\"widget\" data-e-type=\"widget\" data-widget_type=\"text-editor.default\">\n\t\t\t\t<div class=\"elementor-widget-container\">\n\t\t\t\t\t\t\t\t\t<p>Cada garrafa de Senhora Frutta \u00e9 resultado da sele\u00e7\u00e3o cuidadosa das melhores frutas, colhidas no momento ideal de matura\u00e7\u00e3o para garantir um sabor aut\u00eantico e genu\u00edno. Desfrute de uma experi\u00eancia de degusta\u00e7\u00e3o que transforma cada momento em um deleite memor\u00e1vel<\/p>\t\t\t\t\t\t\t\t<\/div>\n\t\t\t\t<\/div>\n\t\t\t\t<\/div>\n\t\t\t\t\t<\/div>\n\t\t\t\t<\/div>\n\t\t\t\t<\/div>\n\t\t","protected":false},"excerpt":{"rendered":"<p>2025 Desfrute Senhora Frutta! Cada garrafa de Senhora Frutta \u00e9 resultado da sele\u00e7\u00e3o cuidadosa das melhores frutas, colhidas no momento ideal de matura\u00e7\u00e3o para garantir um sabor aut\u00eantico e genu\u00edno. Desfrute de uma experi\u00eancia de degusta\u00e7\u00e3o que transforma cada momento em um deleite memor\u00e1vel<\/p>\n","protected":false},"author":1,"featured_media":0,"parent":0,"menu_order":0,"comment_status":"closed","ping_status":"closed","template":"","meta":{"_monsterinsights_skip_tracking":false,"_monsterinsights_sitenote_active":false,"_monsterinsights_sitenote_note":"","_monsterinsights_sitenote_category":0,"footnotes":""},"class_list":["post-284","page","type-page","status-publish","hentry"],"_links":{"self":[{"href":"https:\/\/senhorafrutta.com.br\/index.php\/wp-json\/wp\/v2\/pages\/284","targetHints":{"allow":["GET"]}}],"collection":[{"href":"https:\/\/senhorafrutta.com.br\/index.php\/wp-json\/wp\/v2\/pages"}],"about":[{"href":"https:\/\/senhorafrutta.com.br\/index.php\/wp-json\/wp\/v2\/types\/page"}],"author":[{"embeddable":true,"href":"https:\/\/senhorafrutta.com.br\/index.php\/wp-json\/wp\/v2\/users\/1"}],"replies":[{"embeddable":true,"href":"https:\/\/senhorafrutta.com.br\/index.php\/wp-json\/wp\/v2\/comments?post=284"}],"version-history":[{"count":12,"href":"https:\/\/senhorafrutta.com.br\/index.php\/wp-json\/wp\/v2\/pages\/284\/revisions"}],"predecessor-version":[{"id":9051,"href":"https:\/\/senhorafrutta.com.br\/index.php\/wp-json\/wp\/v2\/pages\/284\/revisions\/9051"}],"wp:attachment":[{"href":"https:\/\/senhorafrutta.com.br\/index.php\/wp-json\/wp\/v2\/media?parent=284"}],"curies":[{"name":"wp","href":"https:\/\/api.w.org\/{rel}","templated":true}]}}